{"id":1600,"date":"2021-03-08T13:47:15","date_gmt":"2021-03-08T13:47:15","guid":{"rendered":"https:\/\/montebaldolimone.it\/secondo-piatto-fisch-und-fleischgerichte\/"},"modified":"2021-11-08T10:47:15","modified_gmt":"2021-11-08T10:47:15","slug":"secondo-piatto-fisch-und-fleischgerichte","status":"publish","type":"page","link":"https:\/\/montebaldolimone.it\/it\/secondo-piatto-fisch-und-fleischgerichte\/","title":{"rendered":"Secondi piatti di pesce e carne"},"content":{"rendered":"<p>[vc_row][vc_column css=&#8221;.vc_custom_1537770283670{margin-bottom: 40px !important;}&#8221;][vc_column_text]<\/p>\n\n\t\t<div id='gallery-1' class='gallery galleryid-1600 gallery-columns-2 gallery-size-thumbnail'><div class='gallery-item'><div class='gallery-icon'><a href=\"https:\/\/montebaldolimone.it\/wp-content\/uploads\/2021\/11\/Zenith-17-1-scaled.jpg\" data-gal=\"prettyPhoto[gallery-1]\" title=\"Zenith (17)\"><img src=\"https:\/\/montebaldolimone.it\/wp-content\/uploads\/2021\/11\/Zenith-17-1-scaled.jpg\" alt=\"\" \/><\/a><\/div><\/div><div class='gallery-item'><div class='gallery-icon'><a href=\"https:\/\/montebaldolimone.it\/wp-content\/uploads\/2021\/11\/Zenith-19-1-scaled.jpg\" data-gal=\"prettyPhoto[gallery-1]\" title=\"Zenith (19)\"><img src=\"https:\/\/montebaldolimone.it\/wp-content\/uploads\/2021\/11\/Zenith-19-1-scaled.jpg\" alt=\"\" \/><\/a><\/div><\/div><div class='gallery-item'><div class='gallery-icon'><a href=\"https:\/\/montebaldolimone.it\/wp-content\/uploads\/2021\/11\/Zenith-2-2-scaled.jpg\" data-gal=\"prettyPhoto[gallery-1]\" title=\"Zenith (2)\"><img src=\"https:\/\/montebaldolimone.it\/wp-content\/uploads\/2021\/11\/Zenith-2-2-scaled.jpg\" alt=\"\" \/><\/a><\/div><\/div><div class='gallery-item'><div class='gallery-icon'><a href=\"https:\/\/montebaldolimone.it\/wp-content\/uploads\/2021\/11\/Zenith-11-1-scaled.jpg\" data-gal=\"prettyPhoto[gallery-1]\" title=\"Zenith (11)\"><img src=\"https:\/\/montebaldolimone.it\/wp-content\/uploads\/2021\/11\/Zenith-11-1-scaled.jpg\" alt=\"\" \/><\/a><\/div><\/div><div class='gallery-item'><div class='gallery-icon'><a href=\"https:\/\/montebaldolimone.it\/wp-content\/uploads\/2021\/11\/Restaurant-22-scaled.jpg\" data-gal=\"prettyPhoto[gallery-1]\" title=\"Restaurant (22)\"><img src=\"https:\/\/montebaldolimone.it\/wp-content\/uploads\/2021\/11\/Restaurant-22-scaled.jpg\" alt=\"\" \/><\/a><\/div><\/div><div class='gallery-item'><div class='gallery-icon'><a href=\"https:\/\/montebaldolimone.it\/wp-content\/uploads\/2021\/11\/Restaurant-24-1-scaled.jpg\" data-gal=\"prettyPhoto[gallery-1]\" title=\"Restaurant (24)\"><img src=\"https:\/\/montebaldolimone.it\/wp-content\/uploads\/2021\/11\/Restaurant-24-1-scaled.jpg\" alt=\"\" \/><\/a><\/div><\/div><div class='gallery-item'><div class='gallery-icon'><a href=\"https:\/\/montebaldolimone.it\/wp-content\/uploads\/2021\/11\/Restaurant-34-1-scaled.jpg\" data-gal=\"prettyPhoto[gallery-1]\" title=\"Restaurant (34)\"><img src=\"https:\/\/montebaldolimone.it\/wp-content\/uploads\/2021\/11\/Restaurant-34-1-scaled.jpg\" alt=\"\" \/><\/a><\/div><\/div><div class='gallery-item'><div class='gallery-icon'><a href=\"https:\/\/montebaldolimone.it\/wp-content\/uploads\/2021\/11\/Restaurant-33-scaled.jpg\" data-gal=\"prettyPhoto[gallery-1]\" title=\"Restaurant (33)\"><img src=\"https:\/\/montebaldolimone.it\/wp-content\/uploads\/2021\/11\/Restaurant-33-scaled.jpg\" alt=\"\" \/><\/a><\/div><\/div><div class='gallery-item'><div class='gallery-icon'><a href=\"https:\/\/montebaldolimone.it\/wp-content\/uploads\/2021\/11\/Restaurant-86-1-scaled.jpg\" data-gal=\"prettyPhoto[gallery-1]\" title=\"Restaurant (86)\"><img src=\"https:\/\/montebaldolimone.it\/wp-content\/uploads\/2021\/11\/Restaurant-86-1-scaled.jpg\" alt=\"\" \/><\/a><\/div><\/div><div class='gallery-item'><div class='gallery-icon'><a href=\"https:\/\/montebaldolimone.it\/wp-content\/uploads\/2021\/11\/Restaurant-82-scaled.jpg\" data-gal=\"prettyPhoto[gallery-1]\" title=\"Restaurant (82)\"><img src=\"https:\/\/montebaldolimone.it\/wp-content\/uploads\/2021\/11\/Restaurant-82-scaled.jpg\" alt=\"\" \/><\/a><\/div><\/div><div class='gallery-item'><div class='gallery-icon'><a href=\"https:\/\/montebaldolimone.it\/wp-content\/uploads\/2021\/11\/Restaurant-90-1-scaled.jpg\" data-gal=\"prettyPhoto[gallery-1]\" title=\"Restaurant (90)\"><img src=\"https:\/\/montebaldolimone.it\/wp-content\/uploads\/2021\/11\/Restaurant-90-1-scaled.jpg\" alt=\"\" \/><\/a><\/div><\/div><div class='gallery-item'><div class='gallery-icon'><a href=\"https:\/\/montebaldolimone.it\/wp-content\/uploads\/2021\/11\/Restaurant-89-scaled.jpg\" data-gal=\"prettyPhoto[gallery-1]\" title=\"Restaurant (89)\"><img src=\"https:\/\/montebaldolimone.it\/wp-content\/uploads\/2021\/11\/Restaurant-89-scaled.jpg\" alt=\"\" \/><\/a><\/div><\/div><div class='gallery-item'><div class='gallery-icon'><a href=\"https:\/\/montebaldolimone.it\/wp-content\/uploads\/2021\/11\/Restaurant-118-1-scaled.jpg\" data-gal=\"prettyPhoto[gallery-1]\" title=\"Restaurant (118)\"><img src=\"https:\/\/montebaldolimone.it\/wp-content\/uploads\/2021\/11\/Restaurant-118-1-scaled.jpg\" alt=\"\" \/><\/a><\/div><\/div><div class='gallery-item'><div class='gallery-icon'><a href=\"https:\/\/montebaldolimone.it\/wp-content\/uploads\/2021\/11\/Restaurant-119-1-scaled.jpg\" data-gal=\"prettyPhoto[gallery-1]\" title=\"Restaurant (119)\"><img src=\"https:\/\/montebaldolimone.it\/wp-content\/uploads\/2021\/11\/Restaurant-119-1-scaled.jpg\" alt=\"\" \/><\/a><\/div><\/div>\n\t\t\t<br style='clear: both;' \/>\n\t\t<\/div>\n\n<p>[\/vc_column_text][vc_gallery type=&#8221;image_grid&#8221; images=&#8221;1015,1014,1013,1012&#8243; img_size=&#8221;full&#8221;][\/vc_column][\/vc_row][vc_row][vc_column]<div class=\"sohohotel-title3 sohohotel-title-color\"><h4>I nostri secondi di carne e pesce<\/h4><\/div>[vc_column_text]Per i nostri secondi di carne scegliamo i migliori tagli dell\u2019antica macelleria Ballardini, simbolo di qualit\u00e0 da molti anni nel nostro territorio. Offriamo inoltre un&#8217;esaustiva scelta di pesce, come ad esempio la grigliata di lago composta da almeno sei variet\u00e0 di pesce diverse; \u00e8 sempre presente un secondo piatto vegano e la quasi totalit\u00e0 dei nostri secondi \u00e8 gluten free.[\/vc_column_text][vc_empty_space][\/vc_column][\/vc_row]<\/p>\n","protected":false},"excerpt":{"rendered":"<p>[vc_row][vc_column css=&#8221;.vc_custom_1537770283670{margin-bottom: 40px !important;}&#8221;][vc_column_text] [\/vc_column_text][vc_gallery type=&#8221;image_grid&#8221; images=&#8221;1015,1014,1013,1012&#8243; img_size=&#8221;full&#8221;][\/vc_column][\/vc_row][vc_row][vc_column][vc_column_text]Per i nostri secondi di carne scegliamo i migliori tagli dell\u2019antica macelleria Ballardini, simbolo di qualit\u00e0 da molti anni nel nostro territorio. Offriamo inoltre un&#8217;esaustiva scelta di pesce, come ad esempio la grigliata di lago composta da almeno sei variet\u00e0 di pesce diverse; \u00e8 sempre presente un secondo<\/p>\n<a href=\"https:\/\/montebaldolimone.it\/it\/secondo-piatto-fisch-und-fleischgerichte\/\" class=\"sohohotel-more-link\">Read More<i class=\"fa fa-angle-right\"><\/i><\/a>","protected":false},"author":1,"featured_media":0,"parent":0,"menu_order":0,"comment_status":"closed","ping_status":"closed","template":"","meta":[],"yoast_head":"<!-- This site is optimized with the Yoast SEO plugin v19.10 - https:\/\/yoast.com\/wordpress\/plugins\/seo\/ -->\n<title>Secondi piatti di pesce e carne - Monte Baldo<\/title>\n<meta name=\"robots\" content=\"index, follow, max-snippet:-1, max-image-preview:large, max-video-preview:-1\" \/>\n<link rel=\"canonical\" href=\"https:\/\/montebaldolimone.it\/it\/secondo-piatto-fisch-und-fleischgerichte\/\" \/>\n<meta property=\"og:locale\" content=\"it_IT\" \/>\n<meta property=\"og:type\" content=\"article\" \/>\n<meta property=\"og:title\" content=\"Secondi piatti di pesce e carne - Monte Baldo\" \/>\n<meta property=\"og:description\" content=\"[vc_row][vc_column css=&#8221;.vc_custom_1537770283670{margin-bottom: 40px !important;}&#8221;][vc_column_text] [\/vc_column_text][vc_gallery type=&#8221;image_grid&#8221; images=&#8221;1015,1014,1013,1012&#8243; img_size=&#8221;full&#8221;][\/vc_column][\/vc_row][vc_row][vc_column][vc_column_text]Per i nostri secondi di carne scegliamo i migliori tagli dell\u2019antica macelleria Ballardini, simbolo di qualit\u00e0 da molti anni nel nostro territorio. Offriamo inoltre un&#8217;esaustiva scelta di pesce, come ad esempio la grigliata di lago composta da almeno sei variet\u00e0 di pesce diverse; \u00e8 sempre presente un secondo\" \/>\n<meta property=\"og:url\" content=\"https:\/\/montebaldolimone.it\/it\/secondo-piatto-fisch-und-fleischgerichte\/\" \/>\n<meta property=\"og:site_name\" content=\"Monte Baldo\" \/>\n<meta property=\"article:modified_time\" content=\"2021-11-08T10:47:15+00:00\" \/>\n<meta name=\"twitter:card\" content=\"summary_large_image\" \/>\n<meta name=\"twitter:label1\" content=\"Tempo di lettura stimato\" \/>\n\t<meta name=\"twitter:data1\" content=\"1 minuto\" \/>\n<script type=\"application\/ld+json\" class=\"yoast-schema-graph\">{\"@context\":\"https:\/\/schema.org\",\"@graph\":[{\"@type\":\"WebPage\",\"@id\":\"https:\/\/montebaldolimone.it\/it\/secondo-piatto-fisch-und-fleischgerichte\/\",\"url\":\"https:\/\/montebaldolimone.it\/it\/secondo-piatto-fisch-und-fleischgerichte\/\",\"name\":\"Secondi piatti di pesce e carne - Monte Baldo\",\"isPartOf\":{\"@id\":\"https:\/\/montebaldolimone.it\/#website\"},\"datePublished\":\"2021-03-08T13:47:15+00:00\",\"dateModified\":\"2021-11-08T10:47:15+00:00\",\"breadcrumb\":{\"@id\":\"https:\/\/montebaldolimone.it\/it\/secondo-piatto-fisch-und-fleischgerichte\/#breadcrumb\"},\"inLanguage\":\"it-IT\",\"potentialAction\":[{\"@type\":\"ReadAction\",\"target\":[\"https:\/\/montebaldolimone.it\/it\/secondo-piatto-fisch-und-fleischgerichte\/\"]}]},{\"@type\":\"BreadcrumbList\",\"@id\":\"https:\/\/montebaldolimone.it\/it\/secondo-piatto-fisch-und-fleischgerichte\/#breadcrumb\",\"itemListElement\":[{\"@type\":\"ListItem\",\"position\":1,\"name\":\"Startseite\",\"item\":\"https:\/\/montebaldolimone.it\/it\/\"},{\"@type\":\"ListItem\",\"position\":2,\"name\":\"Secondi piatti di pesce e carne\"}]},{\"@type\":\"WebSite\",\"@id\":\"https:\/\/montebaldolimone.it\/#website\",\"url\":\"https:\/\/montebaldolimone.it\/\",\"name\":\"Monte Baldo\",\"description\":\"Traumhaftes Hotel direkt am Gardasee\",\"potentialAction\":[{\"@type\":\"SearchAction\",\"target\":{\"@type\":\"EntryPoint\",\"urlTemplate\":\"https:\/\/montebaldolimone.it\/?s={search_term_string}\"},\"query-input\":\"required name=search_term_string\"}],\"inLanguage\":\"it-IT\"}]}<\/script>\n<!-- \/ Yoast SEO plugin. -->","yoast_head_json":{"title":"Secondi piatti di pesce e carne - Monte Baldo","robots":{"index":"index","follow":"follow","max-snippet":"max-snippet:-1","max-image-preview":"max-image-preview:large","max-video-preview":"max-video-preview:-1"},"canonical":"https:\/\/montebaldolimone.it\/it\/secondo-piatto-fisch-und-fleischgerichte\/","og_locale":"it_IT","og_type":"article","og_title":"Secondi piatti di pesce e carne - Monte Baldo","og_description":"[vc_row][vc_column css=&#8221;.vc_custom_1537770283670{margin-bottom: 40px !important;}&#8221;][vc_column_text] [\/vc_column_text][vc_gallery type=&#8221;image_grid&#8221; images=&#8221;1015,1014,1013,1012&#8243; img_size=&#8221;full&#8221;][\/vc_column][\/vc_row][vc_row][vc_column][vc_column_text]Per i nostri secondi di carne scegliamo i migliori tagli dell\u2019antica macelleria Ballardini, simbolo di qualit\u00e0 da molti anni nel nostro territorio. Offriamo inoltre un&#8217;esaustiva scelta di pesce, come ad esempio la grigliata di lago composta da almeno sei variet\u00e0 di pesce diverse; \u00e8 sempre presente un secondo","og_url":"https:\/\/montebaldolimone.it\/it\/secondo-piatto-fisch-und-fleischgerichte\/","og_site_name":"Monte Baldo","article_modified_time":"2021-11-08T10:47:15+00:00","twitter_card":"summary_large_image","twitter_misc":{"Tempo di lettura stimato":"1 minuto"},"schema":{"@context":"https:\/\/schema.org","@graph":[{"@type":"WebPage","@id":"https:\/\/montebaldolimone.it\/it\/secondo-piatto-fisch-und-fleischgerichte\/","url":"https:\/\/montebaldolimone.it\/it\/secondo-piatto-fisch-und-fleischgerichte\/","name":"Secondi piatti di pesce e carne - Monte Baldo","isPartOf":{"@id":"https:\/\/montebaldolimone.it\/#website"},"datePublished":"2021-03-08T13:47:15+00:00","dateModified":"2021-11-08T10:47:15+00:00","breadcrumb":{"@id":"https:\/\/montebaldolimone.it\/it\/secondo-piatto-fisch-und-fleischgerichte\/#breadcrumb"},"inLanguage":"it-IT","potentialAction":[{"@type":"ReadAction","target":["https:\/\/montebaldolimone.it\/it\/secondo-piatto-fisch-und-fleischgerichte\/"]}]},{"@type":"BreadcrumbList","@id":"https:\/\/montebaldolimone.it\/it\/secondo-piatto-fisch-und-fleischgerichte\/#breadcrumb","itemListElement":[{"@type":"ListItem","position":1,"name":"Startseite","item":"https:\/\/montebaldolimone.it\/it\/"},{"@type":"ListItem","position":2,"name":"Secondi piatti di pesce e carne"}]},{"@type":"WebSite","@id":"https:\/\/montebaldolimone.it\/#website","url":"https:\/\/montebaldolimone.it\/","name":"Monte Baldo","description":"Traumhaftes Hotel direkt am Gardasee","potentialAction":[{"@type":"SearchAction","target":{"@type":"EntryPoint","urlTemplate":"https:\/\/montebaldolimone.it\/?s={search_term_string}"},"query-input":"required name=search_term_string"}],"inLanguage":"it-IT"}]}},"_links":{"self":[{"href":"https:\/\/montebaldolimone.it\/it\/wp-json\/wp\/v2\/pages\/1600"}],"collection":[{"href":"https:\/\/montebaldolimone.it\/it\/wp-json\/wp\/v2\/pages"}],"about":[{"href":"https:\/\/montebaldolimone.it\/it\/wp-json\/wp\/v2\/types\/page"}],"author":[{"embeddable":true,"href":"https:\/\/montebaldolimone.it\/it\/wp-json\/wp\/v2\/users\/1"}],"replies":[{"embeddable":true,"href":"https:\/\/montebaldolimone.it\/it\/wp-json\/wp\/v2\/comments?post=1600"}],"version-history":[{"count":8,"href":"https:\/\/montebaldolimone.it\/it\/wp-json\/wp\/v2\/pages\/1600\/revisions"}],"predecessor-version":[{"id":3319,"href":"https:\/\/montebaldolimone.it\/it\/wp-json\/wp\/v2\/pages\/1600\/revisions\/3319"}],"wp:attachment":[{"href":"https:\/\/montebaldolimone.it\/it\/wp-json\/wp\/v2\/media?parent=1600"}],"curies":[{"name":"wp","href":"https:\/\/api.w.org\/{rel}","templated":true}]}}